{"id":1406,"date":"2022-10-28T13:12:00","date_gmt":"2022-10-28T17:12:00","guid":{"rendered":"http:1001fondues.com\/our-fondue\/uncategorized\/chic-biere\/"},"modified":"2026-02-02T07:37:11","modified_gmt":"2026-02-02T12:37:11","slug":"chic-biere","status":"publish","type":"product","link":"https:\/\/1001fondues.com\/en\/our-fondue\/buy-cheese-fondue\/chic-biere\/","title":{"rendered":"Chic! \u00e0 la bi\u00e8re (beer)"},"content":{"rendered":"<div class=\"acf-recettes-en-vedette alignwide bloc-acf flex flex-col w-screen relative z-10\">\n    <!-- Slider main container -->\n    <div class=\"swiper-container relative\">\n        <!-- Additional required wrapper -->\n        <div class=\"swiper-wrapper w-screen h-screen\">\n            <!-- Slides -->\n                                <div class=\"swiper-slide\">\n\n                        <div class=\"h-screen flex-col flex justify-end relative\">\n                            \n                                                        <img loading=\"lazy\" decoding=\"async\" width=\"1900\" height=\"1264\" src=\"https:\/\/1001fondues.com\/app\/uploads\/2021\/02\/1001Fondues_Recettes_WEB_038-1.jpg\" class=\"absolute inset-0 w-full h-full object-cover z-0\" alt=\"1001-Fondues-recette-burger\" srcset=\"https:\/\/1001fondues.com\/app\/uploads\/2021\/02\/1001Fondues_Recettes_WEB_038-1.jpg 1900w, https:\/\/1001fondues.com\/app\/uploads\/2021\/02\/1001Fondues_Recettes_WEB_038-1-600x399.jpg 600w, https:\/\/1001fondues.com\/app\/uploads\/2021\/02\/1001Fondues_Recettes_WEB_038-1-300x200.jpg 300w, https:\/\/1001fondues.com\/app\/uploads\/2021\/02\/1001Fondues_Recettes_WEB_038-1-1024x681.jpg 1024w, https:\/\/1001fondues.com\/app\/uploads\/2021\/02\/1001Fondues_Recettes_WEB_038-1-768x511.jpg 768w, https:\/\/1001fondues.com\/app\/uploads\/2021\/02\/1001Fondues_Recettes_WEB_038-1-1536x1022.jpg 1536w\" sizes=\"auto, (max-width: 1900px) 100vw, 1900px\" \/>                            \n                            <div class=\"bg-green bg-opacity-90 w-screen lg:w-1\/2 min-h-1\/2 lg:transform lg:translate-x-full flex flex-col justify-center relative z-10\">\n\n                                <div class=\"sliderContainer justify-between h-full flex flex-col\">\n                                    <div class=\"sliderContent m-10\">\n                                        <div class=\"text-6xl slideTitre bold italic boldFont\">Melty Gooey Burger \u00c0 la Fondue<\/div>\n                                        <div class=\"sliderText w-2\/3 mx-auto mt-5\">\n                                            \n                                            <div class=\"slideText text-base md:text-lg baseFont\">Lots of people love a good burger in summertime, when barbecue season is in full swing. But this recipe is for you, REAL burger lovers, who love grilling any time, all year long. It\u2019s thick and hearty, so you can really indulge! Our delicious fondue Chic! au gin adds a gourmet touch to the classic.<\/div>\n\n                                            <div class=\"flex flex-row mt-5\">\n                                                <div class=\"w-1\/3 flex flex-row items-center justify-start italic text-xl font-bold\"><svg class=\"w-14 mr-3\" xmlns=\"http:\/\/www.w3.org\/2000\/svg\" viewBox=\"0 0 68.76 50.77\">\n  <path fill=\"#1d1d1b\" d=\"M63.89 0H25a5 5 0 0 0-4.87 5.08v10a5 5 0 0 1-4.85 5.07H4.86A5 5 0 0 0 0 25.21v.35a5 5 0 0 0 4.86 5.08h10.43a5 5 0 0 1 4.83 5.08v10A5 5 0 0 0 25 50.77h38.9a5 5 0 0 0 4.87-5.07V5.08A5 5 0 0 0 63.89 0zM6.63 27.44a2.05 2.05 0 1 1 2.05-2.05 2.05 2.05 0 0 1-2.05 2.05z\"\/>\n<\/svg> 10 min<\/div>\n                                                <div class=\"w-1\/3 flex flex-row items-center justify-center italic text-xl font-bold\"><svg class=\"w-14 mr-3\" xmlns=\"http:\/\/www.w3.org\/2000\/svg\" viewBox=\"0 0 72.56 60.14\">\n  <path fill=\"#13110c\" d=\"M29.44 3.42A1.53 1.53 0 0 0 27.91 5v8.34a1.53 1.53 0 1 0 3.06 0V5a1.53 1.53 0 0 0-1.53-1.58zM36.28 0a1.52 1.52 0 0 0-1.52 1.53v11.76a1.53 1.53 0 1 0 3.05 0V1.53A1.53 1.53 0 0 0 36.28 0zm6.84 3.42A1.52 1.52 0 0 0 41.6 5v8.34a1.53 1.53 0 1 0 3 0V5a1.53 1.53 0 0 0-1.48-1.58zm27.88 22h-5.61v-4.36a1.53 1.53 0 0 0-1.52-1.53H8.77a1.53 1.53 0 0 0-1.52 1.53v4.36H1.53a1.53 1.53 0 1 0 0 3h5.73V51c0 6.75 4.84 9.15 9.38 9.15h39.51c6.76 0 9.15-4.73 9.15-9.15V28.47H71a1.53 1.53 0 0 0 0-3z\"\/>\n<\/svg> 15 min<\/div>\n                                                <div class=\"w-1\/3 flex flex-row items-center justify-center italic text-xl font-bold\"><svg class=\"w-14 mr-3\" xmlns=\"http:\/\/www.w3.org\/2000\/svg\" viewBox=\"0 0 50.49 50.49\">\n  <path fill=\"#13110c\" d=\"M25.24 0a25.25 25.25 0 1 0 25.25 25.24A25.24 25.24 0 0 0 25.24 0zm2.6 13.74a1.53 1.53 0 0 1 3.05 0v11.77a1.53 1.53 0 0 1-3.05 0zm-8.47 0a1.53 1.53 0 0 1 3.06 0v11.77a1.53 1.53 0 0 1-3.06 0zm5.87 29A16.5 16.5 0 0 1 8.76 26.22a1.5 1.5 0 0 1 3 0 13.49 13.49 0 1 0 27 0 1.5 1.5 0 1 1 3 0 16.51 16.51 0 0 1-16.52 16.49z\"\/>\n<\/svg> 4<\/div>\n                                            <\/div>\n\n                                            <div class=\"flex justify-start\">\n                                                <a href=\"https:\/\/1001fondues.com\/en\/recipes\/cheeseburger\/\" class=\"customLink font-bold italic uppercase\">Make the recipe<\/a>\n\n                                            <\/div>\n                                        <\/div>\n\n                                    <\/div>\n\n                                    \n                                                                        <a class=\"bg-black text-white text-center w-full block italic p-4 uppercase text-xl font-bold\" href=\"http:1001fondues.com\/en\/recipes\/cheeseburger\/\">Make the recipe<\/a>\n                                                                    <\/div>\n                                <div class=\"swiper-pagination absolute flex flex-col right-4 top-1\/2 transform -translate-y-1\/2 z-10\"><\/div>\n                            <\/div>\n                        <\/div>\n                        <!-- If we need pagination -->\n                    <\/div>\n                                    <div class=\"swiper-slide\">\n\n                        <div class=\"h-screen flex-col flex justify-end relative\">\n                            \n                                                        <img loading=\"lazy\" decoding=\"async\" width=\"2048\" height=\"1363\" src=\"https:\/\/1001fondues.com\/app\/uploads\/2021\/02\/1001Fondues_Recettes_WEB_335.jpg\" class=\"absolute inset-0 w-full h-full object-cover z-0\" alt=\"1001-Fondues-recette-mac-and-cheese\" srcset=\"https:\/\/1001fondues.com\/app\/uploads\/2021\/02\/1001Fondues_Recettes_WEB_335.jpg 2048w, https:\/\/1001fondues.com\/app\/uploads\/2021\/02\/1001Fondues_Recettes_WEB_335-600x399.jpg 600w, https:\/\/1001fondues.com\/app\/uploads\/2021\/02\/1001Fondues_Recettes_WEB_335-300x200.jpg 300w, https:\/\/1001fondues.com\/app\/uploads\/2021\/02\/1001Fondues_Recettes_WEB_335-1024x682.jpg 1024w, https:\/\/1001fondues.com\/app\/uploads\/2021\/02\/1001Fondues_Recettes_WEB_335-768x511.jpg 768w, https:\/\/1001fondues.com\/app\/uploads\/2021\/02\/1001Fondues_Recettes_WEB_335-1536x1022.jpg 1536w\" sizes=\"auto, (max-width: 2048px) 100vw, 2048px\" \/>                            \n                            <div class=\"bg-yellow bg-opacity-90 w-screen lg:w-1\/2 min-h-1\/2 lg:transform lg:translate-x-full flex flex-col justify-center relative z-10\">\n\n                                <div class=\"sliderContainer justify-between h-full flex flex-col\">\n                                    <div class=\"sliderContent m-10\">\n                                        <div class=\"text-6xl slideTitre bold italic boldFont\">Mac and Chic!<\/div>\n                                        <div class=\"sliderText w-2\/3 mx-auto mt-5\">\n                                            \n                                            <div class=\"slideText text-base md:text-lg baseFont\">Indulge in the irresistible Mac and Chic! This bold reimagining of the classic macaroni and cheese puts 1001 Fondues\u2019 Chic! fondue front and centre as the star of the dish. <br><br>Rich, flavourful, and utterly decadent, this culinary delight celebrates local cheesy pleasures at their finest!<\/div>\n\n                                            <div class=\"flex flex-row mt-5\">\n                                                <div class=\"w-1\/3 flex flex-row items-center justify-start italic text-xl font-bold\"><svg class=\"w-14 mr-3\" xmlns=\"http:\/\/www.w3.org\/2000\/svg\" viewBox=\"0 0 68.76 50.77\">\n  <path fill=\"#1d1d1b\" d=\"M63.89 0H25a5 5 0 0 0-4.87 5.08v10a5 5 0 0 1-4.85 5.07H4.86A5 5 0 0 0 0 25.21v.35a5 5 0 0 0 4.86 5.08h10.43a5 5 0 0 1 4.83 5.08v10A5 5 0 0 0 25 50.77h38.9a5 5 0 0 0 4.87-5.07V5.08A5 5 0 0 0 63.89 0zM6.63 27.44a2.05 2.05 0 1 1 2.05-2.05 2.05 2.05 0 0 1-2.05 2.05z\"\/>\n<\/svg> 20 min<\/div>\n                                                <div class=\"w-1\/3 flex flex-row items-center justify-center italic text-xl font-bold\"><svg class=\"w-14 mr-3\" xmlns=\"http:\/\/www.w3.org\/2000\/svg\" viewBox=\"0 0 72.56 60.14\">\n  <path fill=\"#13110c\" d=\"M29.44 3.42A1.53 1.53 0 0 0 27.91 5v8.34a1.53 1.53 0 1 0 3.06 0V5a1.53 1.53 0 0 0-1.53-1.58zM36.28 0a1.52 1.52 0 0 0-1.52 1.53v11.76a1.53 1.53 0 1 0 3.05 0V1.53A1.53 1.53 0 0 0 36.28 0zm6.84 3.42A1.52 1.52 0 0 0 41.6 5v8.34a1.53 1.53 0 1 0 3 0V5a1.53 1.53 0 0 0-1.48-1.58zm27.88 22h-5.61v-4.36a1.53 1.53 0 0 0-1.52-1.53H8.77a1.53 1.53 0 0 0-1.52 1.53v4.36H1.53a1.53 1.53 0 1 0 0 3h5.73V51c0 6.75 4.84 9.15 9.38 9.15h39.51c6.76 0 9.15-4.73 9.15-9.15V28.47H71a1.53 1.53 0 0 0 0-3z\"\/>\n<\/svg> 15 min<\/div>\n                                                <div class=\"w-1\/3 flex flex-row items-center justify-center italic text-xl font-bold\"><svg class=\"w-14 mr-3\" xmlns=\"http:\/\/www.w3.org\/2000\/svg\" viewBox=\"0 0 50.49 50.49\">\n  <path fill=\"#13110c\" d=\"M25.24 0a25.25 25.25 0 1 0 25.25 25.24A25.24 25.24 0 0 0 25.24 0zm2.6 13.74a1.53 1.53 0 0 1 3.05 0v11.77a1.53 1.53 0 0 1-3.05 0zm-8.47 0a1.53 1.53 0 0 1 3.06 0v11.77a1.53 1.53 0 0 1-3.06 0zm5.87 29A16.5 16.5 0 0 1 8.76 26.22a1.5 1.5 0 0 1 3 0 13.49 13.49 0 1 0 27 0 1.5 1.5 0 1 1 3 0 16.51 16.51 0 0 1-16.52 16.49z\"\/>\n<\/svg> 4<\/div>\n                                            <\/div>\n\n                                            <div class=\"flex justify-start\">\n                                                <a href=\"https:\/\/1001fondues.com\/en\/recipes\/mac-and-cheese\/\" class=\"customLink font-bold italic uppercase\">Make the recipe<\/a>\n\n                                            <\/div>\n                                        <\/div>\n\n                                    <\/div>\n\n                                    \n                                                                        <a class=\"bg-black text-white text-center w-full block italic p-4 uppercase text-xl font-bold\" href=\"http:1001fondues.com\/en\/recipes\/mac-and-cheese\/\">Make the recipe<\/a>\n                                                                    <\/div>\n                                <div class=\"swiper-pagination absolute flex flex-col right-4 top-1\/2 transform -translate-y-1\/2 z-10\"><\/div>\n                            <\/div>\n                        <\/div>\n                        <!-- If we need pagination -->\n                    <\/div>\n                \n            \n        <\/div>\n    <\/div>\n<\/div>\n\n\n\n\n\n    \n    \n\n\n\n<div class=\"acf-carte-interactive alignwide bloc-acf flex flex-col w-screen relative z-40\">\n    <div class=\"flex flex-col lg:flex-row bg-white\">\n        <div id=\"wpsl-wrap\" class=\"wpsl-wrap-container container w-full lg:w-1\/2 p-5 sm:px-20 py-16 lg:py-36\"><div class='text-4xl sm:text-6xl italic bold mb-10 boldFont'>Easily find our fondues!<\/div>\r\n\t<div class=\"wpsl-search wpsl-clearfix \">\r\n\t\t<div id=\"wpsl-search-wrap\">\r\n\t\t\t<form autocomplete=\"off\">\r\n\t\t\t<div class=\"wpsl-input\">\r\n\t\t\t\t<input id=\"wpsl-search-input\" style=\"border: 2px solid #000; border-radius: 0px\" type=\"text\" placeholder=\"Address, city or postal code\" value=\"\" name=\"wpsl-search-input\" class=\"w-full sm:w-72\" aria-required=\"true\" \/>\r\n\t\t\t<\/div>\r\n\t\t\t<div class=\"wpsl-select-wrap\">\r\n\t\t\t<\/div>\r\n\t\t\t\t<div class=\"wpsl-search-btn-wrap mb-5\"><input id=\"wpsl-search-btn\" style=\"border: none; border-radius: 0px;\" type=\"submit\" class=\"upercase w-full sm:w-72 italic\" value=\"Search nearby\"><\/div>\r\n\t\t<\/form>\r\n\t\t<\/div>\r\n\t<\/div>\r\n\t<div id=\"wpsl-result-list\">\r\n\t\t<div id=\"wpsl-stores\" >\r\n\t\t\t<ul><\/ul>\r\n\t\t<\/div>\r\n\t\t<div id=\"wpsl-direction-details\">\r\n\t\t\t<ul><\/ul>\r\n\t\t<\/div>\r\n\t<\/div>\r\n<\/div>\r\n\t<div id=\"wpsl-gmap\" class=\"wpsl-gmap-canvas w-full h-96 lg:h-auto lg:w-1\/2\"><\/div>\r\n<style>\n\ndiv.wpsl-search {\n    background: #fff;\n}\n\ndiv#wpsl-search-wrap form {\n    display: flex;\n    flex-direction: column;\n}\n\ninput#wpsl-search-input {\n    width: 100%;\n    text-align: center;\n}\n\n#wpsl-search-btn {\n    background-color: #000;\n    background-image: none;\n    text-transform: uppercase;\n    color: #fff;\n    padding: 7px 10px;\n    line-height: 1.428571429;\n}\n\ndiv#wpsl-stores ul li {\n    display: flex;\n    flex-direction: row;\n    justify-content: space-between;\n}\n\ndiv#wpsl-stores .wpsl-directions {\n    display: none !important;\n}\n\ndiv#wpsl-gmap {\n    height: 24rem !important;\n    width: 100% !important;\n}\n\n#wpsl-result-list {\n    width: 100% !important;\n}\n\n@media screen and (min-width:1024px) {\n\ndiv#wpsl-wrap {\n    width: 50% !important;\n}\n\ndiv#wpsl-gmap {\n    width: 50% !important;\n    height: auto !important;\n}\n\n}\n<\/style>    <\/div>\n<\/div>","protected":false},"excerpt":{"rendered":"<p><span style=\"font-weight: 400;\">Chic! \u00e0 la bi\u00e8re (beer) is fragrant with grilled and spicy notes, and a full-bodied flavour that will make you hungry for more. Plus, it\u2019s lactose-free! <\/span><\/p>\n<p><span style=\"font-weight: 400;\">La L\u00e9onne beer from Le Naufrageur microbrewery in Carleton-sur-Mer, Gasp\u00e9sie blends beautifully with local cheeses to bring you happiness with every bite.<\/span><\/p>\n","protected":false},"featured_media":7357,"comment_status":"open","ping_status":"closed","template":"","meta":{"_acf_changed":false},"product_brand":[],"product_cat":[104],"product_tag":[136],"class_list":{"0":"post-1406","1":"product","2":"type-product","3":"status-publish","4":"has-post-thumbnail","6":"product_cat-buy-cheese-fondue","7":"product_tag-grilled-and-hearty","9":"first","10":"instock","11":"shipping-taxable","12":"purchasable","13":"product-type-variable"},"acf":[],"yoast_head":"<!-- This site is optimized with the Yoast SEO plugin v26.5 - https:\/\/yoast.com\/wordpress\/plugins\/seo\/ -->\n<title>Chic! \u00e0 la bi\u00e8re (beer)<\/title>\n<meta name=\"description\" content=\"Enjoy our Chic! \u00e0 la bi\u00e8re (beer), made with Quebec cheeses and beer. Available in meal and snack sizes.\" \/>\n<meta name=\"robots\" content=\"index, follow, max-snippet:-1, max-image-preview:large, max-video-preview:-1\" \/>\n<link rel=\"canonical\" href=\"https:\/\/1001fondues.com\/en\/our-fondue\/buy-cheese-fondue\/chic-biere\/\" \/>\n<meta property=\"og:locale\" content=\"en_US\" \/>\n<meta property=\"og:type\" content=\"article\" \/>\n<meta property=\"og:title\" content=\"Chic! \u00e0 la bi\u00e8re (beer)\" \/>\n<meta property=\"og:description\" content=\"Enjoy our Chic! \u00e0 la bi\u00e8re (beer), made with Quebec cheeses and beer. Available in meal and snack sizes.\" \/>\n<meta property=\"og:url\" content=\"https:\/\/1001fondues.com\/en\/our-fondue\/buy-cheese-fondue\/chic-biere\/\" \/>\n<meta property=\"og:site_name\" content=\"1001 Fondues\" \/>\n<meta property=\"article:publisher\" content=\"https:\/\/www.facebook.com\/1001fondues\" \/>\n<meta property=\"article:modified_time\" content=\"2026-02-02T12:37:11+00:00\" \/>\n<meta property=\"og:image\" content=\"https:\/\/1001fondues.com\/app\/uploads\/2024\/07\/MJM-2021-e1721919534263.png\" \/>\n\t<meta property=\"og:image:width\" content=\"450\" \/>\n\t<meta property=\"og:image:height\" content=\"690\" \/>\n\t<meta property=\"og:image:type\" content=\"image\/png\" \/>\n<meta name=\"twitter:card\" content=\"summary_large_image\" \/>\n<!-- \/ Yoast SEO plugin. -->","yoast_head_json":{"title":"Chic! \u00e0 la bi\u00e8re (beer)","description":"Enjoy our Chic! \u00e0 la bi\u00e8re (beer), made with Quebec cheeses and beer. Available in meal and snack sizes.","robots":{"index":"index","follow":"follow","max-snippet":"max-snippet:-1","max-image-preview":"max-image-preview:large","max-video-preview":"max-video-preview:-1"},"canonical":"https:\/\/1001fondues.com\/en\/our-fondue\/buy-cheese-fondue\/chic-biere\/","og_locale":"en_US","og_type":"article","og_title":"Chic! \u00e0 la bi\u00e8re (beer)","og_description":"Enjoy our Chic! \u00e0 la bi\u00e8re (beer), made with Quebec cheeses and beer. Available in meal and snack sizes.","og_url":"https:\/\/1001fondues.com\/en\/our-fondue\/buy-cheese-fondue\/chic-biere\/","og_site_name":"1001 Fondues","article_publisher":"https:\/\/www.facebook.com\/1001fondues","article_modified_time":"2026-02-02T12:37:11+00:00","og_image":[{"width":450,"height":690,"url":"https:\/\/1001fondues.com\/app\/uploads\/2024\/07\/MJM-2021-e1721919534263.png","type":"image\/png"}],"twitter_card":"summary_large_image","schema":{"@context":"https:\/\/schema.org","@graph":[{"@type":"WebPage","@id":"https:\/\/1001fondues.com\/en\/our-fondue\/buy-cheese-fondue\/chic-biere\/","url":"https:\/\/1001fondues.com\/en\/our-fondue\/buy-cheese-fondue\/chic-biere\/","name":"Chic! \u00e0 la bi\u00e8re (beer)","isPartOf":{"@id":"https:\/\/1001fondues.com\/#website"},"primaryImageOfPage":{"@id":"https:\/\/1001fondues.com\/en\/our-fondue\/buy-cheese-fondue\/chic-biere\/#primaryimage"},"image":{"@id":"https:\/\/1001fondues.com\/en\/our-fondue\/buy-cheese-fondue\/chic-biere\/#primaryimage"},"thumbnailUrl":"https:\/\/1001fondues.com\/app\/uploads\/2024\/07\/MJM-2021-e1721919534263.png","datePublished":"2022-10-28T17:12:00+00:00","dateModified":"2026-02-02T12:37:11+00:00","description":"Enjoy our Chic! \u00e0 la bi\u00e8re (beer), made with Quebec cheeses and beer. Available in meal and snack sizes.","breadcrumb":{"@id":"https:\/\/1001fondues.com\/en\/our-fondue\/buy-cheese-fondue\/chic-biere\/#breadcrumb"},"inLanguage":"en-US","potentialAction":[{"@type":"ReadAction","target":["https:\/\/1001fondues.com\/en\/our-fondue\/buy-cheese-fondue\/chic-biere\/"]}]},{"@type":"ImageObject","inLanguage":"en-US","@id":"https:\/\/1001fondues.com\/en\/our-fondue\/buy-cheese-fondue\/chic-biere\/#primaryimage","url":"https:\/\/1001fondues.com\/app\/uploads\/2024\/07\/MJM-2021-e1721919534263.png","contentUrl":"https:\/\/1001fondues.com\/app\/uploads\/2024\/07\/MJM-2021-e1721919534263.png","width":450,"height":690,"caption":"fondue-fromage-chic-biere"},{"@type":"BreadcrumbList","@id":"https:\/\/1001fondues.com\/en\/our-fondue\/buy-cheese-fondue\/chic-biere\/#breadcrumb","itemListElement":[{"@type":"ListItem","position":1,"name":"Home","item":"https:\/\/1001fondues.com\/en\/"},{"@type":"ListItem","position":2,"name":"Cheese fondues","item":"https:\/\/1001fondues.com\/en\/buy-cheese-fondue\/"},{"@type":"ListItem","position":3,"name":"Chic! \u00e0 la bi\u00e8re (beer)"}]},{"@type":"WebSite","@id":"https:\/\/1001fondues.com\/#website","url":"https:\/\/1001fondues.com\/","name":"1001 Fondues","description":"","publisher":{"@id":"https:\/\/1001fondues.com\/#organization"},"potentialAction":[{"@type":"SearchAction","target":{"@type":"EntryPoint","urlTemplate":"https:\/\/1001fondues.com\/?s={search_term_string}"},"query-input":{"@type":"PropertyValueSpecification","valueRequired":true,"valueName":"search_term_string"}}],"inLanguage":"en-US"},{"@type":"Organization","@id":"https:\/\/1001fondues.com\/#organization","name":"1001 Fondues","url":"https:\/\/1001fondues.com\/","logo":{"@type":"ImageObject","inLanguage":"en-US","@id":"https:\/\/1001fondues.com\/#\/schema\/logo\/image\/","url":"https:\/\/1001fondues.com\/app\/uploads\/2020\/12\/logo-1001f.png","contentUrl":"https:\/\/1001fondues.com\/app\/uploads\/2020\/12\/logo-1001f.png","width":225,"height":225,"caption":"1001 Fondues"},"image":{"@id":"https:\/\/1001fondues.com\/#\/schema\/logo\/image\/"},"sameAs":["https:\/\/www.facebook.com\/1001fondues","https:\/\/www.instagram.com\/1001_fondues\/"]}]}},"_links":{"self":[{"href":"https:\/\/1001fondues.com\/en\/wp-json\/wp\/v2\/product\/1406","targetHints":{"allow":["GET"]}}],"collection":[{"href":"https:\/\/1001fondues.com\/en\/wp-json\/wp\/v2\/product"}],"about":[{"href":"https:\/\/1001fondues.com\/en\/wp-json\/wp\/v2\/types\/product"}],"replies":[{"embeddable":true,"href":"https:\/\/1001fondues.com\/en\/wp-json\/wp\/v2\/comments?post=1406"}],"wp:featuredmedia":[{"embeddable":true,"href":"https:\/\/1001fondues.com\/en\/wp-json\/wp\/v2\/media\/7357"}],"wp:attachment":[{"href":"https:\/\/1001fondues.com\/en\/wp-json\/wp\/v2\/media?parent=1406"}],"wp:term":[{"taxonomy":"product_brand","embeddable":true,"href":"https:\/\/1001fondues.com\/en\/wp-json\/wp\/v2\/product_brand?post=1406"},{"taxonomy":"product_cat","embeddable":true,"href":"https:\/\/1001fondues.com\/en\/wp-json\/wp\/v2\/product_cat?post=1406"},{"taxonomy":"product_tag","embeddable":true,"href":"https:\/\/1001fondues.com\/en\/wp-json\/wp\/v2\/product_tag?post=1406"}],"curies":[{"name":"wp","href":"https:\/\/api.w.org\/{rel}","templated":true}]}}